{"id":98,"date":"2016-01-21T11:15:14","date_gmt":"2016-01-21T09:15:14","guid":{"rendered":"http:\/\/artursan.com\/?page_id=98"},"modified":"2016-01-21T12:10:33","modified_gmt":"2016-01-21T10:10:33","slug":"cross-flow-turbinleri","status":"publish","type":"page","link":"https:\/\/artursan.com\/?page_id=98","title":{"rendered":"CROSS FLOW T\u00dcRB\u0130NLER\u0130"},"content":{"rendered":"<p><a href=\"https:\/\/artursan.com\/wp-content\/uploads\/2016\/01\/20160107_110127.jpg\"><img decoding=\"async\" loading=\"lazy\" class=\"alignnone wp-image-121\" src=\"https:\/\/artursan.com\/wp-content\/uploads\/2016\/01\/20160107_110127-300x168.jpg\" alt=\"20160107_110127\" width=\"600\" height=\"338\" srcset=\"https:\/\/artursan.com\/wp-content\/uploads\/2016\/01\/20160107_110127-300x168.jpg 300w, https:\/\/artursan.com\/wp-content\/uploads\/2016\/01\/20160107_110127-1024x576.jpg 1024w\" sizes=\"(max-width: 600px) 100vw, 600px\" \/><\/a><\/p>\n","protected":false},"excerpt":{"rendered":"","protected":false},"author":1,"featured_media":0,"parent":0,"menu_order":0,"comment_status":"open","ping_status":"open","template":"","meta":{"_kad_post_transparent":"","_kad_post_title":"","_kad_post_layout":"","_kad_post_sidebar_id":"","_kad_post_content_style":"","_kad_post_vertical_padding":"","_kad_post_feature":"","_kad_post_feature_position":"","_kad_post_header":false,"_kad_post_footer":false},"_links":{"self":[{"href":"https:\/\/artursan.com\/index.php?rest_route=\/wp\/v2\/pages\/98"}],"collection":[{"href":"https:\/\/artursan.com\/index.php?rest_route=\/wp\/v2\/pages"}],"about":[{"href":"https:\/\/artursan.com\/index.php?rest_route=\/wp\/v2\/types\/page"}],"author":[{"embeddable":true,"href":"https:\/\/artursan.com\/index.php?rest_route=\/wp\/v2\/users\/1"}],"replies":[{"embeddable":true,"href":"https:\/\/artursan.com\/index.php?rest_route=%2Fwp%2Fv2%2Fcomments&post=98"}],"version-history":[{"count":3,"href":"https:\/\/artursan.com\/index.php?rest_route=\/wp\/v2\/pages\/98\/revisions"}],"predecessor-version":[{"id":123,"href":"https:\/\/artursan.com\/index.php?rest_route=\/wp\/v2\/pages\/98\/revisions\/123"}],"wp:attachment":[{"href":"https:\/\/artursan.com\/index.php?rest_route=%2Fwp%2Fv2%2Fmedia&parent=98"}],"curies":[{"name":"wp","href":"https:\/\/api.w.org\/{rel}","templated":true}]}}