{"id":96,"date":"2016-01-21T11:15:02","date_gmt":"2016-01-21T09:15:02","guid":{"rendered":"http:\/\/artursan.com\/?page_id=96"},"modified":"2016-01-21T12:01:45","modified_gmt":"2016-01-21T10:01:45","slug":"pelton-turbinleri","status":"publish","type":"page","link":"https:\/\/artursan.com\/?page_id=96","title":{"rendered":"PELTON T\u00dcRB\u0130NLER\u0130"},"content":{"rendered":"<h4 style=\"color: #000000;\"><\/h4>\n<h4 style=\"color: #000000;\">Su t\u00fcrbinlerine \u00f6zel korozyona dayan\u0131kl\u0131 paslanmaz \u00e7eliklerden \u00fcretim yap\u0131lmaktad\u0131r.<\/h4>\n<h4 style=\"color: #000000;\">Pelton t\u00fcrbin \u00c7arklar\u0131.<\/h4>\n<h4 style=\"color: #000000;\">Pelton T\u00fcrbin f\u0131\u015fk\u0131rt\u0131c\u0131 ve enjekt\u00f6rleri.<\/h4>\n<h4 style=\"color: #000000;\"><\/h4>\n<div style=\"color: #000000;\"><span style=\"color: #444444;\">\t\t\t\t\t<div class=\"gallery_box_single\">\n\t\t\t\t\t\t<p class=\"not_found\">Sorry, nothing found.<\/p>\n\t\t\t\t\t<\/div><!-- .gallery_box_single -->\n\t\t\t\t<\/span><\/div>\n","protected":false},"excerpt":{"rendered":"<p>Su t\u00fcrbinlerine \u00f6zel korozyona dayan\u0131kl\u0131 paslanmaz \u00e7eliklerden \u00fcretim yap\u0131lmaktad\u0131r. Pelton t\u00fcrbin \u00c7arklar\u0131. Pelton T\u00fcrbin f\u0131\u015fk\u0131rt\u0131c\u0131 ve enjekt\u00f6rleri.<\/p>\n","protected":false},"author":1,"featured_media":0,"parent":0,"menu_order":0,"comment_status":"open","ping_status":"open","template":"","meta":{"_kad_post_transparent":"","_kad_post_title":"","_kad_post_layout":"","_kad_post_sidebar_id":"","_kad_post_content_style":"","_kad_post_vertical_padding":"","_kad_post_feature":"","_kad_post_feature_position":"","_kad_post_header":false,"_kad_post_footer":false},"_links":{"self":[{"href":"https:\/\/artursan.com\/index.php?rest_route=\/wp\/v2\/pages\/96"}],"collection":[{"href":"https:\/\/artursan.com\/index.php?rest_route=\/wp\/v2\/pages"}],"about":[{"href":"https:\/\/artursan.com\/index.php?rest_route=\/wp\/v2\/types\/page"}],"author":[{"embeddable":true,"href":"https:\/\/artursan.com\/index.php?rest_route=\/wp\/v2\/users\/1"}],"replies":[{"embeddable":true,"href":"https:\/\/artursan.com\/index.php?rest_route=%2Fwp%2Fv2%2Fcomments&post=96"}],"version-history":[{"count":6,"href":"https:\/\/artursan.com\/index.php?rest_route=\/wp\/v2\/pages\/96\/revisions"}],"predecessor-version":[{"id":115,"href":"https:\/\/artursan.com\/index.php?rest_route=\/wp\/v2\/pages\/96\/revisions\/115"}],"wp:attachment":[{"href":"https:\/\/artursan.com\/index.php?rest_route=%2Fwp%2Fv2%2Fmedia&parent=96"}],"curies":[{"name":"wp","href":"https:\/\/api.w.org\/{rel}","templated":true}]}}