{"id":9,"date":"2014-06-29T22:48:45","date_gmt":"2014-06-29T19:48:45","guid":{"rendered":"http:\/\/artursan.com\/?page_id=9"},"modified":"2024-01-10T02:05:17","modified_gmt":"2024-01-09T23:05:17","slug":"referanslarimiz","status":"publish","type":"page","link":"https:\/\/artursan.com\/?page_id=9","title":{"rendered":"Referanslar\u0131m\u0131z"},"content":{"rendered":"<h4 style=\"color: #000000;\"><\/h4>\n<h4 style=\"color: #000000;\">\u00c7amlihem\u015fin yolu \u00fczeri \u015fehitlik k\u00f6y\u00fc<\/h4>\n<h4 style=\"color: #000000;\">Pelton T\u00fcrbini D\u00fc\u015f\u00fc:81 metre 20Kw<\/h4>\n<h4 style=\"color: #000000;\">sistem:(off grid)-Arde\u015fen\/R\u0130ZE<\/h4>\n<p><a href=\"https:\/\/artursan.com\/wp-content\/uploads\/2016\/01\/SDC15210.jpg\"><img decoding=\"async\" loading=\"lazy\" class=\"alignnone wp-image-127\" src=\"https:\/\/artursan.com\/wp-content\/uploads\/2016\/01\/SDC15210-768x1024.jpg\" alt=\"SDC15210\" width=\"600\" height=\"800\" srcset=\"https:\/\/artursan.com\/wp-content\/uploads\/2016\/01\/SDC15210-768x1024.jpg 768w, https:\/\/artursan.com\/wp-content\/uploads\/2016\/01\/SDC15210-225x300.jpg 225w\" sizes=\"(max-width: 600px) 100vw, 600px\" \/><\/a><\/p>\n<p style=\"color: #000000;\">\n<h4 style=\"color: #000000;\">\u00c7amlihem\u015fin ko\u00e7 d\u00fcz\u00fc yaylas\u0131<\/h4>\n<h4 style=\"color: #000000;\">Pelton T\u00fcrbini D\u00fc\u015f\u00fc:81 metre 30Kw<\/h4>\n<h4 style=\"color: #000000;\">Sistem (off grid) \u00c7amlihem\u015fin\/R\u0130ZE<\/h4>\n<h4 style=\"color: #000000;\"><a href=\"https:\/\/artursan.com\/wp-content\/uploads\/2016\/01\/t\u00fcrbin-70-x-50.jpg\"><img decoding=\"async\" loading=\"lazy\" class=\"alignnone wp-image-128\" src=\"https:\/\/artursan.com\/wp-content\/uploads\/2016\/01\/t\u00fcrbin-70-x-50-300x208.jpg\" alt=\"t\u00fcrbin 70 x 50\" width=\"600\" height=\"417\" srcset=\"https:\/\/artursan.com\/wp-content\/uploads\/2016\/01\/t\u00fcrbin-70-x-50-300x208.jpg 300w, https:\/\/artursan.com\/wp-content\/uploads\/2016\/01\/t\u00fcrbin-70-x-50-1024x711.jpg 1024w\" sizes=\"(max-width: 600px) 100vw, 600px\" \/><\/a><\/h4>\n","protected":false},"excerpt":{"rendered":"<p>\u00c7amlihem\u015fin yolu \u00fczeri \u015fehitlik k\u00f6y\u00fc Pelton T\u00fcrbini D\u00fc\u015f\u00fc:81 metre 20Kw sistem:(off grid)-Arde\u015fen\/R\u0130ZE \u00c7amlihem\u015fin ko\u00e7 d\u00fcz\u00fc yaylas\u0131 Pelton T\u00fcrbini D\u00fc\u015f\u00fc:81 metre 30Kw Sistem (off grid) \u00c7amlihem\u015fin\/R\u0130ZE<\/p>\n","protected":false},"author":1,"featured_media":0,"parent":0,"menu_order":0,"comment_status":"open","ping_status":"open","template":"","meta":{"_kad_post_transparent":"","_kad_post_title":"","_kad_post_layout":"","_kad_post_sidebar_id":"","_kad_post_content_style":"","_kad_post_vertical_padding":"","_kad_post_feature":"","_kad_post_feature_position":"","_kad_post_header":false,"_kad_post_footer":false},"_links":{"self":[{"href":"https:\/\/artursan.com\/index.php?rest_route=\/wp\/v2\/pages\/9"}],"collection":[{"href":"https:\/\/artursan.com\/index.php?rest_route=\/wp\/v2\/pages"}],"about":[{"href":"https:\/\/artursan.com\/index.php?rest_route=\/wp\/v2\/types\/page"}],"author":[{"embeddable":true,"href":"https:\/\/artursan.com\/index.php?rest_route=\/wp\/v2\/users\/1"}],"replies":[{"embeddable":true,"href":"https:\/\/artursan.com\/index.php?rest_route=%2Fwp%2Fv2%2Fcomments&post=9"}],"version-history":[{"count":4,"href":"https:\/\/artursan.com\/index.php?rest_route=\/wp\/v2\/pages\/9\/revisions"}],"predecessor-version":[{"id":546,"href":"https:\/\/artursan.com\/index.php?rest_route=\/wp\/v2\/pages\/9\/revisions\/546"}],"wp:attachment":[{"href":"https:\/\/artursan.com\/index.php?rest_route=%2Fwp%2Fv2%2Fmedia&parent=9"}],"curies":[{"name":"wp","href":"https:\/\/api.w.org\/{rel}","templated":true}]}}