{"id":5,"date":"2014-06-29T22:47:48","date_gmt":"2014-06-29T19:47:48","guid":{"rendered":"http:\/\/artursan.com\/?page_id=5"},"modified":"2016-01-21T12:28:36","modified_gmt":"2016-01-21T10:28:36","slug":"hakkimizda","status":"publish","type":"page","link":"https:\/\/artursan.com\/?page_id=5","title":{"rendered":"Hakk\u0131m\u0131zda"},"content":{"rendered":"<p style=\"color: #000000;\">\n<p style=\"color: #000000;\">Mikro HES Enerji santral sistemleri \u0131rmak ve dere gibi su kaynaklar\u0131ndan yararlanarak mikro d\u00fczeyde Hidro Santraller tasarlay\u0131p \u00fcretmektedir.<\/p>\n<p style=\"color: #000000;\">Art\u00fcrsan mikro su t\u00fcrbinleri tasar\u0131m \u00e7izim \u00fcretim montaj devreye alma i\u015fleri profesyonel kadrosuyla hizmet sunmaktad\u0131r.<\/p>\n<p style=\"color: #000000;\">1 Kw 500Kw aras\u0131nda Pelton ve Cross Flow T\u00fcrbinleri avrupa ve d\u00fcnya standartlar\u0131 kalitesinde \u00fcretim yapmaktad\u0131r.<\/p>\n<p style=\"color: #000000;\">Firmam\u0131z (voltaj ve Frekans Hz.)Problemini tamamen \u00e7\u00f6zm\u00fc\u015f olup (off grid yada on grid) sistemlerle projelendirmektedir.<\/p>\n<p style=\"color: #000000;\">Art\u00fcrsan Hydro Mikro T\u00fcrbin par\u00e7alar\u0131 deneyimli uzman makine m\u00fchendisi taraf\u0131ndan tasarlan\u0131p CNC makinalarda \u00fcretim yap\u0131lmaktad\u0131r.<\/p>\n<p style=\"color: #000000;\">M\u00fc\u015fterilerimizin talebi do\u011frultusunda \u00e7\u00f6z\u00fcmler \u00fcretmektedir.<\/p>\n<p>&nbsp;<\/p>\n<p>\u0130leti\u015fim:<\/p>\n<p style=\"color: #000000;\">Telefon:<a style=\"color: #1155cc;\" href=\"tel:05386239957\" target=\"_blank\">05386239957<\/a><\/p>\n<p style=\"color: #000000;\">Cumhuriyet Mah.Av.Serpil Navdar Sk.No:8\/A<\/p>\n<p style=\"color: #000000;\">(Polis karakol Arkas\u0131)Arde\u015fen\/R\u0130ZE-TURKEY<\/p>\n<p style=\"color: #000000;\">E-mail: <a href=\"mailto:mustafamedine@hotmail.com\">mustafamedine@hotmail.<wbr \/>com<\/a><\/p>\n<p style=\"color: #000000;\">Web:\u00a0<a style=\"color: #1155cc;\" href=\"http:\/\/www.artursan.com\/\" target=\"_blank\">www.artursan.com<\/a><\/p>\n<p>&nbsp;<\/p>\n<p style=\"color: #000000;\">To contac from out Turkey, give us call our service hotline if you are in need of advice.or you could send an email, written bellow.<\/p>\n<p style=\"color: #000000;\">Customer service No: 0090 506 507 76\u00a032<\/p>\n<p style=\"color: #000000;\">Email: <a href=\"mailto:hademirata@hotmail.com\">hademirata@hotmail.com<\/a><\/p>\n","protected":false},"excerpt":{"rendered":"<p>Mikro HES Enerji santral sistemleri \u0131rmak ve dere gibi su kaynaklar\u0131ndan yararlanarak mikro d\u00fczeyde Hidro Santraller tasarlay\u0131p \u00fcretmektedir. Art\u00fcrsan mikro su t\u00fcrbinleri tasar\u0131m \u00e7izim \u00fcretim montaj devreye alma i\u015fleri profesyonel kadrosuyla hizmet sunmaktad\u0131r. 1 Kw 500Kw aras\u0131nda Pelton ve Cross Flow T\u00fcrbinleri avrupa ve d\u00fcnya standartlar\u0131 kalitesinde \u00fcretim yapmaktad\u0131r. Firmam\u0131z (voltaj ve Frekans Hz.)Problemini tamamen&#8230;<\/p>\n","protected":false},"author":1,"featured_media":0,"parent":0,"menu_order":0,"comment_status":"open","ping_status":"open","template":"","meta":{"_kad_post_transparent":"","_kad_post_title":"","_kad_post_layout":"","_kad_post_sidebar_id":"","_kad_post_content_style":"","_kad_post_vertical_padding":"","_kad_post_feature":"","_kad_post_feature_position":"","_kad_post_header":false,"_kad_post_footer":false},"_links":{"self":[{"href":"https:\/\/artursan.com\/index.php?rest_route=\/wp\/v2\/pages\/5"}],"collection":[{"href":"https:\/\/artursan.com\/index.php?rest_route=\/wp\/v2\/pages"}],"about":[{"href":"https:\/\/artursan.com\/index.php?rest_route=\/wp\/v2\/types\/page"}],"author":[{"embeddable":true,"href":"https:\/\/artursan.com\/index.php?rest_route=\/wp\/v2\/users\/1"}],"replies":[{"embeddable":true,"href":"https:\/\/artursan.com\/index.php?rest_route=%2Fwp%2Fv2%2Fcomments&post=5"}],"version-history":[{"count":13,"href":"https:\/\/artursan.com\/index.php?rest_route=\/wp\/v2\/pages\/5\/revisions"}],"predecessor-version":[{"id":140,"href":"https:\/\/artursan.com\/index.php?rest_route=\/wp\/v2\/pages\/5\/revisions\/140"}],"wp:attachment":[{"href":"https:\/\/artursan.com\/index.php?rest_route=%2Fwp%2Fv2%2Fmedia&parent=5"}],"curies":[{"name":"wp","href":"https:\/\/api.w.org\/{rel}","templated":true}]}}