{"id":100,"date":"2016-01-21T11:15:24","date_gmt":"2016-01-21T09:15:24","guid":{"rendered":"http:\/\/artursan.com\/?page_id=100"},"modified":"2016-01-21T12:11:44","modified_gmt":"2016-01-21T10:11:44","slug":"yuk-kontrol-kumanda-panolari","status":"publish","type":"page","link":"https:\/\/artursan.com\/?page_id=100","title":{"rendered":"Y\u00dcK KONTROL KUMANDA PANOLARI"},"content":{"rendered":"<h4 style=\"color: #000000;\"><\/h4>\n<h4 style=\"color: #000000;\"><span style=\"color: #000000;\">1Kw 500Kw aras\u0131nda \u00fcretim yapmaktay\u0131z<\/span><\/h4>\n<h4 style=\"color: #000000;\"><span style=\"color: #000000;\">\u00a0T\u00fcr\u00fc: mikrodenetleyici ile dijital sistem<\/span><\/h4>\n<ul>\n<li>\n<h4><span style=\"color: #000000;\">Kontrol y\u00f6ntemi: PI algoritmas\u0131, iki ad\u0131mda faz a\u00e7\u0131s\u0131 kontrol\u00fc.<\/span><\/h4>\n<\/li>\n<li>\n<h4><span style=\"color: #000000;\">Anahtarlama y\u00f6ntemi: \u00c7ift Tirist\u00f6r (SCR), 6 adet &#8211; Faz ba\u015f\u0131na 2 adet<\/span><\/h4>\n<\/li>\n<li>\n<h4><span style=\"color: #000000;\">G\u00fc\u00e7: 1-500 kW<\/span><\/h4>\n<\/li>\n<li>\n<h4><span style=\"color: #000000;\">Voltaj: 220\/380 V, 230\/400 Volt<\/span><\/h4>\n<\/li>\n<li>\n<h4><span style=\"color: #000000;\">Faz: 1 ve 3 Faz<\/span><\/h4>\n<\/li>\n<li>\n<h4><span style=\"color: #000000;\">Frekans: 50\/60 Hz<\/span><\/h4>\n<\/li>\n<li>\n<h4><span style=\"color: #000000;\">Frekans.\u00a0do\u011fruluk: &lt;\u00b1 0.2<\/span><\/h4>\n<\/li>\n<li>\n<h4><span style=\"color: #000000;\">Frekans.\u00a0alg\u0131lama: 50 Hz&#8217;de her yar\u0131m d\u00f6ng\u00fcs\u00fc veya her 10 ms 100 kez \/ saniye<\/span><\/h4>\n<\/li>\n<li>\n<h4><span style=\"color: #000000;\">Kurtarma s\u00fcresi: \u00b1 2 saniye<\/span><\/h4>\n<\/li>\n<li>\n<h4><span style=\"color: #000000;\">Normal koruma<\/span><\/h4>\n<\/li>\n<\/ul>\n<p><span style=\"color: #000000;\">\u00a0<\/span><\/p>\n<p><span style=\"color: #444444;\">\t\t\t\t\t<div class=\"gallery_box_single\">\n\t\t\t\t\t\t<p class=\"not_found\">Sorry, nothing found.<\/p>\n\t\t\t\t\t<\/div><!-- .gallery_box_single -->\n\t\t\t\t<\/span><\/p>\n","protected":false},"excerpt":{"rendered":"<p>1Kw 500Kw aras\u0131nda \u00fcretim yapmaktay\u0131z \u00a0T\u00fcr\u00fc: mikrodenetleyici ile dijital sistem Kontrol y\u00f6ntemi: PI algoritmas\u0131, iki ad\u0131mda faz a\u00e7\u0131s\u0131 kontrol\u00fc. Anahtarlama y\u00f6ntemi: \u00c7ift Tirist\u00f6r (SCR), 6 adet &#8211; Faz ba\u015f\u0131na 2 adet G\u00fc\u00e7: 1-500 kW Voltaj: 220\/380 V, 230\/400 Volt Faz: 1 ve 3 Faz Frekans: 50\/60 Hz Frekans.\u00a0do\u011fruluk: &lt;\u00b1 0.2 Frekans.\u00a0alg\u0131lama: 50 Hz&#8217;de her yar\u0131m&#8230;<\/p>\n","protected":false},"author":1,"featured_media":0,"parent":0,"menu_order":0,"comment_status":"open","ping_status":"open","template":"","meta":{"_kad_post_transparent":"","_kad_post_title":"","_kad_post_layout":"","_kad_post_sidebar_id":"","_kad_post_content_style":"","_kad_post_vertical_padding":"","_kad_post_feature":"","_kad_post_feature_position":"","_kad_post_header":false,"_kad_post_footer":false},"_links":{"self":[{"href":"https:\/\/artursan.com\/index.php?rest_route=\/wp\/v2\/pages\/100"}],"collection":[{"href":"https:\/\/artursan.com\/index.php?rest_route=\/wp\/v2\/pages"}],"about":[{"href":"https:\/\/artursan.com\/index.php?rest_route=\/wp\/v2\/types\/page"}],"author":[{"embeddable":true,"href":"https:\/\/artursan.com\/index.php?rest_route=\/wp\/v2\/users\/1"}],"replies":[{"embeddable":true,"href":"https:\/\/artursan.com\/index.php?rest_route=%2Fwp%2Fv2%2Fcomments&post=100"}],"version-history":[{"count":4,"href":"https:\/\/artursan.com\/index.php?rest_route=\/wp\/v2\/pages\/100\/revisions"}],"predecessor-version":[{"id":124,"href":"https:\/\/artursan.com\/index.php?rest_route=\/wp\/v2\/pages\/100\/revisions\/124"}],"wp:attachment":[{"href":"https:\/\/artursan.com\/index.php?rest_route=%2Fwp%2Fv2%2Fmedia&parent=100"}],"curies":[{"name":"wp","href":"https:\/\/api.w.org\/{rel}","templated":true}]}}